{"id":875,"date":"2024-04-18T09:10:13","date_gmt":"2024-04-18T09:10:13","guid":{"rendered":"https:\/\/croisettebeautyconcept.com\/?page_id=875"},"modified":"2024-04-18T09:18:27","modified_gmt":"2024-04-18T09:18:27","slug":"eyebrows","status":"publish","type":"page","link":"https:\/\/croisettebeautyconcept.com\/fr\/eyebrows\/","title":{"rendered":"Sourcils"},"content":{"rendered":"<div data-elementor-type=\"wp-page\" data-elementor-id=\"875\" class=\"elementor elementor-875\" data-elementor-post-type=\"page\">\n\t\t\t\t<div class=\"elementor-element elementor-element-2057c8fc e-flex e-con-boxed e-con e-parent\" data-id=\"2057c8fc\" data-element_type=\"container\" data-e-type=\"container\" data-settings=\"{&quot;background_background&quot;:&quot;classic&quot;}\">\n\t\t\t\t\t<div class=\"e-con-inner\">\n\t\t\t\t<div class=\"elementor-element elementor-element-3a368342 elementor-widget elementor-widget-text-editor\" data-id=\"3a368342\" data-element_type=\"widget\" data-e-type=\"widget\" data-widget_type=\"text-editor.default\">\n\t\t\t\t\t\t\t\t\t<p>\u00a0<\/p><p><strong>SOURCILS ET CILS<\/strong><\/p>\t\t\t\t\t\t\t\t<\/div>\n\t\t<div class=\"elementor-element elementor-element-2beb5ce7 e-flex e-con-boxed e-con e-child\" data-id=\"2beb5ce7\" data-element_type=\"container\" data-e-type=\"container\">\n\t\t\t\t\t<div class=\"e-con-inner\">\n\t\t<div class=\"elementor-element elementor-element-67f39041 e-con-full e-flex e-con e-child\" data-id=\"67f39041\" data-element_type=\"container\" data-e-type=\"container\">\n\t\t\t\t<div class=\"elementor-element elementor-element-49db2609 elementor-widget elementor-widget-image\" data-id=\"49db2609\" data-element_type=\"widget\" data-e-type=\"widget\" data-widget_type=\"image.default\">\n\t\t\t\t\t\t\t\t\t\t\t\t\t\t\t<img fetchpriority=\"high\" decoding=\"async\" width=\"610\" height=\"527\" src=\"https:\/\/croisettebeautyconcept.com\/wp-content\/uploads\/2023\/10\/lashesextension1D.webp\" class=\"attachment-large size-large wp-image-551\" alt=\"\" srcset=\"https:\/\/croisettebeautyconcept.com\/wp-content\/uploads\/2023\/10\/lashesextension1D.webp 610w, https:\/\/croisettebeautyconcept.com\/wp-content\/uploads\/2023\/10\/lashesextension1D-300x259.webp 300w, https:\/\/croisettebeautyconcept.com\/wp-content\/uploads\/2023\/10\/lashesextension1D-14x12.webp 14w\" sizes=\"(max-width: 610px) 100vw, 610px\" \/>\t\t\t\t\t\t\t\t\t\t\t\t\t\t\t<\/div>\n\t\t\t\t<\/div>\n\t\t<div class=\"elementor-element elementor-element-24e5ab8b e-flex e-con-boxed e-con e-child\" data-id=\"24e5ab8b\" data-element_type=\"container\" data-e-type=\"container\">\n\t\t\t\t\t<div class=\"e-con-inner\">\n\t\t\t\t<div class=\"elementor-element elementor-element-51182db7 elementor-widget elementor-widget-text-editor\" data-id=\"51182db7\" data-element_type=\"widget\" data-e-type=\"widget\" data-widget_type=\"text-editor.default\">\n\t\t\t\t\t\t\t\t\t<p><strong>Extension de cils 1D (cil sur cil) <\/strong>100 \u20ac<\/p><p>L\u2019Extension de cils 1D est r\u00e9alis\u00e9e en appliquant une extension Premium sur chacun de vos cils naturels. La pose s\u2019effectue cil sur cil (ou \u201ccil \u00e0 cil\") \u00e0 l'aide d'une colle sp\u00e9ciale.<br \/>Votre extension 1D am\u00e9liorera la longueur, la courbe et le volume de vos cils naturels pour un effet maquill\u00e9 naturel permanent.<br \/>La tenue de la pose est d\u2019environ 1 mois.\u00a0<\/p>\t\t\t\t\t\t\t\t<\/div>\n\t\t\t\t\t<\/div>\n\t\t\t\t<\/div>\n\t\t\t\t\t<\/div>\n\t\t\t\t<\/div>\n\t\t<div class=\"elementor-element elementor-element-3f2c2e7f e-flex e-con-boxed e-con e-child\" data-id=\"3f2c2e7f\" data-element_type=\"container\" data-e-type=\"container\">\n\t\t\t\t\t<div class=\"e-con-inner\">\n\t\t<div class=\"elementor-element elementor-element-57848ddd elementor-hidden-desktop elementor-hidden-widescreen elementor-hidden-laptop elementor-hidden-tablet_extra e-flex e-con-boxed e-con e-child\" data-id=\"57848ddd\" data-element_type=\"container\" data-e-type=\"container\">\n\t\t\t\t\t<div class=\"e-con-inner\">\n\t\t\t\t<div class=\"elementor-element elementor-element-5ea8b878 elementor-widget elementor-widget-image\" data-id=\"5ea8b878\" data-element_type=\"widget\" data-e-type=\"widget\" data-widget_type=\"image.default\">\n\t\t\t\t\t\t\t\t\t\t\t\t\t\t\t<img decoding=\"async\" width=\"767\" height=\"767\" src=\"https:\/\/croisettebeautyconcept.com\/wp-content\/uploads\/2023\/10\/lashes-extension-15D-1024x1024.webp\" class=\"attachment-large size-large wp-image-553\" alt=\"\" srcset=\"https:\/\/croisettebeautyconcept.com\/wp-content\/uploads\/2023\/10\/lashes-extension-15D-1024x1024.webp 1024w, https:\/\/croisettebeautyconcept.com\/wp-content\/uploads\/2023\/10\/lashes-extension-15D-300x300.webp 300w, https:\/\/croisettebeautyconcept.com\/wp-content\/uploads\/2023\/10\/lashes-extension-15D-150x150.webp 150w, https:\/\/croisettebeautyconcept.com\/wp-content\/uploads\/2023\/10\/lashes-extension-15D-768x768.webp 768w, https:\/\/croisettebeautyconcept.com\/wp-content\/uploads\/2023\/10\/lashes-extension-15D-12x12.webp 12w, https:\/\/croisettebeautyconcept.com\/wp-content\/uploads\/2023\/10\/lashes-extension-15D.webp 1152w\" sizes=\"(max-width: 767px) 100vw, 767px\" \/>\t\t\t\t\t\t\t\t\t\t\t\t\t\t\t<\/div>\n\t\t\t\t\t<\/div>\n\t\t\t\t<\/div>\n\t\t<div class=\"elementor-element elementor-element-1fd9ba54 e-con-full e-flex e-con e-child\" data-id=\"1fd9ba54\" data-element_type=\"container\" data-e-type=\"container\">\n\t\t\t\t<div class=\"elementor-element elementor-element-620e27e2 elementor-widget elementor-widget-text-editor\" data-id=\"620e27e2\" data-element_type=\"widget\" data-e-type=\"widget\" data-widget_type=\"text-editor.default\">\n\t\t\t\t\t\t\t\t\t<p><strong>Extension de cils 1.5D (volume mixte) <\/strong>150 \u20ac<\/p><p>L'extension de cils 1.5D (hybride) consiste en l\u2019application d\u2019une variation de 1 puis 2 extensions sur chacun de vos cils. Cette technique permet d\u2019augmenter votre volume de cils et comble les espaces potentiellement vides de votre structure de cils naturelle.<br \/>L'extension 1.5D ajoute un volume naturel \u00e0 vos cils.<\/p>\t\t\t\t\t\t\t\t<\/div>\n\t\t\t\t<\/div>\n\t\t<div class=\"elementor-element elementor-element-7dc100c8 elementor-hidden-mobile e-con-full elementor-hidden-tablet elementor-hidden-mobile_extra e-flex e-con e-child\" data-id=\"7dc100c8\" data-element_type=\"container\" data-e-type=\"container\">\n\t\t\t\t<div class=\"elementor-element elementor-element-7bd3b59a elementor-widget elementor-widget-image\" data-id=\"7bd3b59a\" data-element_type=\"widget\" data-e-type=\"widget\" data-widget_type=\"image.default\">\n\t\t\t\t\t\t\t\t\t\t\t\t\t\t\t<img decoding=\"async\" width=\"767\" height=\"767\" src=\"https:\/\/croisettebeautyconcept.com\/wp-content\/uploads\/2023\/10\/lashes-extension-15D-1024x1024.webp\" class=\"attachment-large size-large wp-image-553\" alt=\"\" srcset=\"https:\/\/croisettebeautyconcept.com\/wp-content\/uploads\/2023\/10\/lashes-extension-15D-1024x1024.webp 1024w, https:\/\/croisettebeautyconcept.com\/wp-content\/uploads\/2023\/10\/lashes-extension-15D-300x300.webp 300w, https:\/\/croisettebeautyconcept.com\/wp-content\/uploads\/2023\/10\/lashes-extension-15D-150x150.webp 150w, https:\/\/croisettebeautyconcept.com\/wp-content\/uploads\/2023\/10\/lashes-extension-15D-768x768.webp 768w, https:\/\/croisettebeautyconcept.com\/wp-content\/uploads\/2023\/10\/lashes-extension-15D-12x12.webp 12w, https:\/\/croisettebeautyconcept.com\/wp-content\/uploads\/2023\/10\/lashes-extension-15D.webp 1152w\" sizes=\"(max-width: 767px) 100vw, 767px\" \/>\t\t\t\t\t\t\t\t\t\t\t\t\t\t\t<\/div>\n\t\t\t\t<\/div>\n\t\t\t\t\t<\/div>\n\t\t\t\t<\/div>\n\t\t<div class=\"elementor-element elementor-element-4f9c5a64 e-flex e-con-boxed e-con e-child\" data-id=\"4f9c5a64\" data-element_type=\"container\" data-e-type=\"container\">\n\t\t\t\t\t<div class=\"e-con-inner\">\n\t\t<div class=\"elementor-element elementor-element-50f27fd1 e-con-full e-flex e-con e-child\" data-id=\"50f27fd1\" data-element_type=\"container\" data-e-type=\"container\">\n\t\t\t\t<div class=\"elementor-element elementor-element-2ff6c8bf elementor-widget elementor-widget-image\" data-id=\"2ff6c8bf\" data-element_type=\"widget\" data-e-type=\"widget\" data-widget_type=\"image.default\">\n\t\t\t\t\t\t\t\t\t\t\t\t\t\t\t<img decoding=\"async\" width=\"767\" height=\"764\" src=\"https:\/\/croisettebeautyconcept.com\/wp-content\/uploads\/2023\/10\/lashes-extension-2D.webp\" class=\"attachment-large size-large wp-image-555\" alt=\"\" srcset=\"https:\/\/croisettebeautyconcept.com\/wp-content\/uploads\/2023\/10\/lashes-extension-2D.webp 940w, https:\/\/croisettebeautyconcept.com\/wp-content\/uploads\/2023\/10\/lashes-extension-2D-300x300.webp 300w, https:\/\/croisettebeautyconcept.com\/wp-content\/uploads\/2023\/10\/lashes-extension-2D-150x150.webp 150w, https:\/\/croisettebeautyconcept.com\/wp-content\/uploads\/2023\/10\/lashes-extension-2D-768x765.webp 768w, https:\/\/croisettebeautyconcept.com\/wp-content\/uploads\/2023\/10\/lashes-extension-2D-12x12.webp 12w\" sizes=\"(max-width: 767px) 100vw, 767px\" \/>\t\t\t\t\t\t\t\t\t\t\t\t\t\t\t<\/div>\n\t\t\t\t<\/div>\n\t\t<div class=\"elementor-element elementor-element-181d8472 e-flex e-con-boxed e-con e-child\" data-id=\"181d8472\" data-element_type=\"container\" data-e-type=\"container\">\n\t\t\t\t\t<div class=\"e-con-inner\">\n\t\t\t\t<div class=\"elementor-element elementor-element-43da7b7e elementor-widget elementor-widget-text-editor\" data-id=\"43da7b7e\" data-element_type=\"widget\" data-e-type=\"widget\" data-widget_type=\"text-editor.default\">\n\t\t\t\t\t\t\t\t\t<p><strong>Extension de cils 2D (Volume intense) <\/strong>160 \u20ac<\/p><p>L'extension de cils 2D est parfaite si vous souhaitez un look plus intense avec un extra volume. Le terme 2D signifie que deux extensions sont pos\u00e9es sur chacun de vos cils naturels.<\/p>\t\t\t\t\t\t\t\t<\/div>\n\t\t\t\t\t<\/div>\n\t\t\t\t<\/div>\n\t\t\t\t\t<\/div>\n\t\t\t\t<\/div>\n\t\t\t\t<div class=\"elementor-element elementor-element-1376247d elementor-widget__width-initial elementor-widget elementor-widget-text-editor\" data-id=\"1376247d\" data-element_type=\"widget\" data-e-type=\"widget\" data-widget_type=\"text-editor.default\">\n\t\t\t\t\t\t\t\t\t<p><strong>Enlever des extensions de cils <\/strong>30 \u20ac<\/p><p>Dur\u00e9e: 20 min<\/p><hr \/><p><strong>Rehaussement de cils<\/strong>\u00a0 80 \u20ac<\/p><p>Dur\u00e9e: 45 min<\/p><p>Il s\u2019agit de lifter et de courber les cils. Le r\u00e9sultat est plus \u00e9pais et plus longues pour une longue dur\u00e9e.<\/p><hr \/><p><strong>Rehaussement de sourcils<\/strong> 90 \u20ac<\/p><p>Dur\u00e9e: 1h<\/p><p>Le rehaussement de sourcils, consiste \u00e0 restructurer la ligne des sourcils et \u00e0 leur donner la densit\u00e9 souhait\u00e9e afin d'intensifier le regard.<\/p><hr \/><p><strong>Teinture des cils<\/strong>\u00a030 \u20ac\u00a0<\/p><p>Dur\u00e9e: 30 min<\/p><p>La teinture des cils dure environ 4 semaines, la couleur est permanente, elle assombrira et int\u00e9grera leur couleur.<\/p><hr \/><p><strong>Restructuration  de sourcils<\/strong> 30 \u20ac\u00a0<\/p><p>Dur\u00e9e: 30 min<\/p><p>Dessiner la forme des sourcils est un type de soin personnel qui implique de enlever et de tailler les poils des sourcils pour avoir la  forme d\u00e9sir\u00e9e.<\/p><hr \/><p><strong>Teinture des sourcils<\/strong>\u00a0 30 \u20ac<\/p><p>Dur\u00e9e: 30 min<\/p><p>La teinture des sourcils est le processus d\u2019application de couleur semi-permanente pour am\u00e9liorer, fa\u00e7onner et d\u00e9finir vos sourcils, ce qui cr\u00e9e une ligne de sourcils plus compl\u00e8te pour avoir  une forme id\u00e9ale.<\/p>\t\t\t\t\t\t\t\t<\/div>\n\t\t\t\t\t<\/div>\n\t\t\t\t<\/div>\n\t\t\t\t<\/div>","protected":false},"excerpt":{"rendered":"<p>\u00a0 BROWS &amp; LASHES Lashes extension 1D volume 100 \u20ac 1D Lashes extension is realized by applying for 1 premium eyelash extension on each of your natural eyelashes by individually &hellip; <\/p>","protected":false},"author":1,"featured_media":551,"parent":0,"menu_order":0,"comment_status":"closed","ping_status":"closed","template":"elementor_header_footer","meta":{"footnotes":""},"class_list":["post-875","page","type-page","status-publish","has-post-thumbnail","hentry"],"yoast_head":"<!-- This site is optimized with the Yoast SEO plugin v27.5 - https:\/\/yoast.com\/product\/yoast-seo-wordpress\/ -->\n<title>Eyebrows - Croisette Beauty Concept<\/title>\n<meta name=\"description\" content=\"Involves lifting and curling the eyelashes. The result is thicker and linger-grown eyelashes.\" \/>\n<meta name=\"robots\" content=\"index, follow, max-snippet:-1, max-image-preview:large, max-video-preview:-1\" \/>\n<link rel=\"canonical\" href=\"https:\/\/croisettebeautyconcept.com\/fr\/eyebrows\/\" \/>\n<meta property=\"og:locale\" content=\"fr_FR\" \/>\n<meta property=\"og:type\" content=\"article\" \/>\n<meta property=\"og:title\" content=\"Eyebrows - Croisette Beauty Concept\" \/>\n<meta property=\"og:description\" content=\"Involves lifting and curling the eyelashes. The result is thicker and linger-grown eyelashes.\" \/>\n<meta property=\"og:url\" content=\"https:\/\/croisettebeautyconcept.com\/fr\/eyebrows\/\" \/>\n<meta property=\"og:site_name\" content=\"Croisette Beauty Concept\" \/>\n<meta property=\"article:publisher\" content=\"https:\/\/www.facebook.com\/CroisetteBeautyConcept\/\" \/>\n<meta property=\"article:modified_time\" content=\"2024-04-18T09:18:27+00:00\" \/>\n<meta property=\"og:image\" content=\"https:\/\/croisettebeautyconcept.com\/wp-content\/uploads\/2023\/10\/lashesextension1D.webp\" \/>\n\t<meta property=\"og:image:width\" content=\"610\" \/>\n\t<meta property=\"og:image:height\" content=\"527\" \/>\n\t<meta property=\"og:image:type\" content=\"image\/webp\" \/>\n<meta name=\"twitter:card\" content=\"summary_large_image\" \/>\n<meta name=\"twitter:label1\" content=\"Dur\u00e9e de lecture estim\u00e9e\" \/>\n\t<meta name=\"twitter:data1\" content=\"3 minutes\" \/>\n<script type=\"application\/ld+json\" class=\"yoast-schema-graph\">{\"@context\":\"https:\\\/\\\/schema.org\",\"@graph\":[{\"@type\":\"WebPage\",\"@id\":\"https:\\\/\\\/croisettebeautyconcept.com\\\/eyebrows\\\/\",\"url\":\"https:\\\/\\\/croisettebeautyconcept.com\\\/eyebrows\\\/\",\"name\":\"Eyebrows - Croisette Beauty Concept\",\"isPartOf\":{\"@id\":\"https:\\\/\\\/croisettebeautyconcept.com\\\/#website\"},\"primaryImageOfPage\":{\"@id\":\"https:\\\/\\\/croisettebeautyconcept.com\\\/eyebrows\\\/#primaryimage\"},\"image\":{\"@id\":\"https:\\\/\\\/croisettebeautyconcept.com\\\/eyebrows\\\/#primaryimage\"},\"thumbnailUrl\":\"https:\\\/\\\/croisettebeautyconcept.com\\\/wp-content\\\/uploads\\\/2023\\\/10\\\/lashesextension1D.webp\",\"datePublished\":\"2024-04-18T09:10:13+00:00\",\"dateModified\":\"2024-04-18T09:18:27+00:00\",\"description\":\"Involves lifting and curling the eyelashes. The result is thicker and linger-grown eyelashes.\",\"breadcrumb\":{\"@id\":\"https:\\\/\\\/croisettebeautyconcept.com\\\/eyebrows\\\/#breadcrumb\"},\"inLanguage\":\"fr-FR\",\"potentialAction\":[{\"@type\":\"ReadAction\",\"target\":[\"https:\\\/\\\/croisettebeautyconcept.com\\\/eyebrows\\\/\"]}]},{\"@type\":\"ImageObject\",\"inLanguage\":\"fr-FR\",\"@id\":\"https:\\\/\\\/croisettebeautyconcept.com\\\/eyebrows\\\/#primaryimage\",\"url\":\"https:\\\/\\\/croisettebeautyconcept.com\\\/wp-content\\\/uploads\\\/2023\\\/10\\\/lashesextension1D.webp\",\"contentUrl\":\"https:\\\/\\\/croisettebeautyconcept.com\\\/wp-content\\\/uploads\\\/2023\\\/10\\\/lashesextension1D.webp\",\"width\":610,\"height\":527},{\"@type\":\"BreadcrumbList\",\"@id\":\"https:\\\/\\\/croisettebeautyconcept.com\\\/eyebrows\\\/#breadcrumb\",\"itemListElement\":[{\"@type\":\"ListItem\",\"position\":1,\"name\":\"Home\",\"item\":\"https:\\\/\\\/croisettebeautyconcept.com\\\/\"},{\"@type\":\"ListItem\",\"position\":2,\"name\":\"Eyebrows\"}]},{\"@type\":\"WebSite\",\"@id\":\"https:\\\/\\\/croisettebeautyconcept.com\\\/#website\",\"url\":\"https:\\\/\\\/croisettebeautyconcept.com\\\/\",\"name\":\"Croisette Beauty Concept\",\"description\":\"\",\"publisher\":{\"@id\":\"https:\\\/\\\/croisettebeautyconcept.com\\\/#organization\"},\"potentialAction\":[{\"@type\":\"SearchAction\",\"target\":{\"@type\":\"EntryPoint\",\"urlTemplate\":\"https:\\\/\\\/croisettebeautyconcept.com\\\/?s={search_term_string}\"},\"query-input\":{\"@type\":\"PropertyValueSpecification\",\"valueRequired\":true,\"valueName\":\"search_term_string\"}}],\"inLanguage\":\"fr-FR\"},{\"@type\":\"Organization\",\"@id\":\"https:\\\/\\\/croisettebeautyconcept.com\\\/#organization\",\"name\":\"Croisette Beauty Concept\",\"url\":\"https:\\\/\\\/croisettebeautyconcept.com\\\/\",\"logo\":{\"@type\":\"ImageObject\",\"inLanguage\":\"fr-FR\",\"@id\":\"https:\\\/\\\/croisettebeautyconcept.com\\\/#\\\/schema\\\/logo\\\/image\\\/\",\"url\":\"https:\\\/\\\/croisettebeautyconcept.com\\\/wp-content\\\/uploads\\\/2023\\\/09\\\/logo-80.webp\",\"contentUrl\":\"https:\\\/\\\/croisettebeautyconcept.com\\\/wp-content\\\/uploads\\\/2023\\\/09\\\/logo-80.webp\",\"width\":300,\"height\":85,\"caption\":\"Croisette Beauty Concept\"},\"image\":{\"@id\":\"https:\\\/\\\/croisettebeautyconcept.com\\\/#\\\/schema\\\/logo\\\/image\\\/\"},\"sameAs\":[\"https:\\\/\\\/www.facebook.com\\\/CroisetteBeautyConcept\\\/\"]}]}<\/script>\n<!-- \/ Yoast SEO plugin. -->","yoast_head_json":{"title":"Eyebrows - Croisette Beauty Concept","description":"Il s\u2019agit de lifter et de courber les cils. Le r\u00e9sultat est plus \u00e9pais et plus longues pour une longue dur\u00e9e.","robots":{"index":"index","follow":"follow","max-snippet":"max-snippet:-1","max-image-preview":"max-image-preview:large","max-video-preview":"max-video-preview:-1"},"canonical":"https:\/\/croisettebeautyconcept.com\/fr\/eyebrows\/","og_locale":"fr_FR","og_type":"article","og_title":"Eyebrows - Croisette Beauty Concept","og_description":"Involves lifting and curling the eyelashes. The result is thicker and linger-grown eyelashes.","og_url":"https:\/\/croisettebeautyconcept.com\/fr\/eyebrows\/","og_site_name":"Croisette Beauty Concept","article_publisher":"https:\/\/www.facebook.com\/CroisetteBeautyConcept\/","article_modified_time":"2024-04-18T09:18:27+00:00","og_image":[{"width":610,"height":527,"url":"https:\/\/croisettebeautyconcept.com\/wp-content\/uploads\/2023\/10\/lashesextension1D.webp","type":"image\/webp"}],"twitter_card":"summary_large_image","twitter_misc":{"Dur\u00e9e de lecture estim\u00e9e":"3 minutes"},"schema":{"@context":"https:\/\/schema.org","@graph":[{"@type":"WebPage","@id":"https:\/\/croisettebeautyconcept.com\/eyebrows\/","url":"https:\/\/croisettebeautyconcept.com\/eyebrows\/","name":"Eyebrows - Croisette Beauty Concept","isPartOf":{"@id":"https:\/\/croisettebeautyconcept.com\/#website"},"primaryImageOfPage":{"@id":"https:\/\/croisettebeautyconcept.com\/eyebrows\/#primaryimage"},"image":{"@id":"https:\/\/croisettebeautyconcept.com\/eyebrows\/#primaryimage"},"thumbnailUrl":"https:\/\/croisettebeautyconcept.com\/wp-content\/uploads\/2023\/10\/lashesextension1D.webp","datePublished":"2024-04-18T09:10:13+00:00","dateModified":"2024-04-18T09:18:27+00:00","description":"Il s\u2019agit de lifter et de courber les cils. Le r\u00e9sultat est plus \u00e9pais et plus longues pour une longue dur\u00e9e.","breadcrumb":{"@id":"https:\/\/croisettebeautyconcept.com\/eyebrows\/#breadcrumb"},"inLanguage":"fr-FR","potentialAction":[{"@type":"ReadAction","target":["https:\/\/croisettebeautyconcept.com\/eyebrows\/"]}]},{"@type":"ImageObject","inLanguage":"fr-FR","@id":"https:\/\/croisettebeautyconcept.com\/eyebrows\/#primaryimage","url":"https:\/\/croisettebeautyconcept.com\/wp-content\/uploads\/2023\/10\/lashesextension1D.webp","contentUrl":"https:\/\/croisettebeautyconcept.com\/wp-content\/uploads\/2023\/10\/lashesextension1D.webp","width":610,"height":527},{"@type":"BreadcrumbList","@id":"https:\/\/croisettebeautyconcept.com\/eyebrows\/#breadcrumb","itemListElement":[{"@type":"ListItem","position":1,"name":"Home","item":"https:\/\/croisettebeautyconcept.com\/"},{"@type":"ListItem","position":2,"name":"Eyebrows"}]},{"@type":"WebSite","@id":"https:\/\/croisettebeautyconcept.com\/#website","url":"https:\/\/croisettebeautyconcept.com\/","name":"Croisette Beauty Concept","description":"","publisher":{"@id":"https:\/\/croisettebeautyconcept.com\/#organization"},"potentialAction":[{"@type":"SearchAction","target":{"@type":"EntryPoint","urlTemplate":"https:\/\/croisettebeautyconcept.com\/?s={search_term_string}"},"query-input":{"@type":"PropertyValueSpecification","valueRequired":true,"valueName":"search_term_string"}}],"inLanguage":"fr-FR"},{"@type":"Organization","@id":"https:\/\/croisettebeautyconcept.com\/#organization","name":"Croisette Beauty Concept","url":"https:\/\/croisettebeautyconcept.com\/","logo":{"@type":"ImageObject","inLanguage":"fr-FR","@id":"https:\/\/croisettebeautyconcept.com\/#\/schema\/logo\/image\/","url":"https:\/\/croisettebeautyconcept.com\/wp-content\/uploads\/2023\/09\/logo-80.webp","contentUrl":"https:\/\/croisettebeautyconcept.com\/wp-content\/uploads\/2023\/09\/logo-80.webp","width":300,"height":85,"caption":"Croisette Beauty Concept"},"image":{"@id":"https:\/\/croisettebeautyconcept.com\/#\/schema\/logo\/image\/"},"sameAs":["https:\/\/www.facebook.com\/CroisetteBeautyConcept\/"]}]}},"_links":{"self":[{"href":"https:\/\/croisettebeautyconcept.com\/fr\/wp-json\/wp\/v2\/pages\/875","targetHints":{"allow":["GET"]}}],"collection":[{"href":"https:\/\/croisettebeautyconcept.com\/fr\/wp-json\/wp\/v2\/pages"}],"about":[{"href":"https:\/\/croisettebeautyconcept.com\/fr\/wp-json\/wp\/v2\/types\/page"}],"author":[{"embeddable":true,"href":"https:\/\/croisettebeautyconcept.com\/fr\/wp-json\/wp\/v2\/users\/1"}],"replies":[{"embeddable":true,"href":"https:\/\/croisettebeautyconcept.com\/fr\/wp-json\/wp\/v2\/comments?post=875"}],"version-history":[{"count":0,"href":"https:\/\/croisettebeautyconcept.com\/fr\/wp-json\/wp\/v2\/pages\/875\/revisions"}],"wp:featuredmedia":[{"embeddable":true,"href":"https:\/\/croisettebeautyconcept.com\/fr\/wp-json\/wp\/v2\/media\/551"}],"wp:attachment":[{"href":"https:\/\/croisettebeautyconcept.com\/fr\/wp-json\/wp\/v2\/media?parent=875"}],"curies":[{"name":"wp","href":"https:\/\/api.w.org\/{rel}","templated":true}]}}