{"id":887,"date":"2024-04-18T09:12:25","date_gmt":"2024-04-18T09:12:25","guid":{"rendered":"https:\/\/croisettebeautyconcept.com\/?page_id=887"},"modified":"2024-04-18T09:18:07","modified_gmt":"2024-04-18T09:18:07","slug":"face","status":"publish","type":"page","link":"https:\/\/croisettebeautyconcept.com\/fr\/face\/","title":{"rendered":"Visage"},"content":{"rendered":"<div data-elementor-type=\"wp-page\" data-elementor-id=\"887\" class=\"elementor elementor-887\" data-elementor-post-type=\"page\">\n\t\t\t\t<div class=\"elementor-element elementor-element-1c815187 e-flex e-con-boxed e-con e-parent\" data-id=\"1c815187\" data-element_type=\"container\" data-e-type=\"container\" data-settings=\"{&quot;background_background&quot;:&quot;classic&quot;}\">\n\t\t\t\t\t<div class=\"e-con-inner\">\n\t\t\t\t<div class=\"elementor-element elementor-element-40a68e3 elementor-widget elementor-widget-video\" data-id=\"40a68e3\" data-element_type=\"widget\" data-e-type=\"widget\" data-settings=\"{&quot;youtube_url&quot;:&quot;https:\\\/\\\/www.youtube.com\\\/watch?v=-z6ruZ3OlOk&quot;,&quot;autoplay&quot;:&quot;yes&quot;,&quot;play_on_mobile&quot;:&quot;yes&quot;,&quot;mute&quot;:&quot;yes&quot;,&quot;loop&quot;:&quot;yes&quot;,&quot;video_type&quot;:&quot;youtube&quot;,&quot;controls&quot;:&quot;yes&quot;}\" data-widget_type=\"video.default\">\n\t\t\t\t\t\t\t<div class=\"elementor-wrapper elementor-open-inline\">\n\t\t\t<div class=\"elementor-video\"><\/div>\t\t<\/div>\n\t\t\t\t\t\t<\/div>\n\t\t\t\t<div class=\"elementor-element elementor-element-8223977 elementor-widget__width-initial elementor-widget elementor-widget-text-editor\" data-id=\"8223977\" data-element_type=\"widget\" data-e-type=\"widget\" data-widget_type=\"text-editor.default\">\n\t\t\t\t\t\t\t\t\t<p><strong>LES SOINS DU VISAGE PAR MATIS\u00a0<\/strong><\/p><p><strong>CAVIAR EXPERIENCE<\/strong> 90 min 130 \u20ac<\/p><p>Le grand soin du visage de beaut\u00e9 mondial avec des ingr\u00e9dients actifs pr\u00e9cieux. Le traitement r\u00e9g\u00e9n\u00e9rant exceptionnel au caviar fran\u00e7ais pour des r\u00e9sultats anti-\u00e2ge sans pr\u00e9c\u00e9dent : la peau est intens\u00e9ment revitalis\u00e9e, remin\u00e9ralis\u00e9e, plus lumineuse et repulp\u00e9e.\u00a0<\/p><hr \/><p><strong>CORRECTIVE PEEL<\/strong> 60 min 95 \u20ac<\/p><p>Alternative \u00e0 la m\u00e9decine esth\u00e9tique, ce peeling correcteur lisse, refait surface et uniformise la peau.<\/p><hr \/><p><strong>SOLUTION SIGNATURE CELL EXPERT<\/strong> 75 min 95 \u20ac<\/p><p>Le soin booster universel pour la jeunesse, tr\u00e8s r\u00e9g\u00e9n\u00e9rant, am\u00e9liore l\u2019hydratation de la peau et la laisse repulp\u00e9e. D\u00e9licats \u00e0 tout type de peau \u00e0 tout \u00e2ge. Ce traitement s\u2019inspire du Cell Expert Serum, avec des cellules souches de rose blanche et l\u2019embl\u00e9matique masque alginate cher \u00e0 Matis.<\/p><hr \/><p><strong>DENSIT\u00c9<\/strong>\u00a0 75 min 95 \u20ac<\/p><p>Ce grand soin anti-\u00e2ge global aide la peau \u00e0 retrouver sa fermet\u00e9 et son uniformit\u00e9.<\/p><hr \/><p><strong>FONDAMENTALE<\/strong> 60 min 95 \u20ac<\/p><p>Le soin hydratant-nourrissant pour les peaux assoiff\u00e9es et sous-aliment\u00e9es, qui restaure souplesse et confort.<\/p><hr \/><p><strong>D\u00c9LICATE<\/strong> 60 min 95 \u20ac<\/p><p>Le soin des peaux sensibles et r\u00e9actives, qui apaise et apporte confort et douceur.<\/p><hr \/><p><strong>PURET\u00c9<\/strong> 60 min 95 \u20ac<\/p><p>Le traitement de perfection visible pour les peaux mixtes \u00e0 grasses qui resserre les pores et r\u00e9duit la brillance.<\/p><hr \/><p><strong>REGARD<\/strong> 45 min 50 \u20ac<\/p><p>Le soin d\u00e9di\u00e9 au contour des yeux qui lisse et rafra\u00eechit pour pr\u00e9server visiblement la jeunesse des yeux.<\/p><hr \/><p><strong>FLASH SOLUTION<\/strong> 30 min 50 \u20ac<\/p><p>Notre collection de traitements EXPRESS sur mesure nous permet de traiter diff\u00e9rents probl\u00e8mes en fonction du diagnostic \u00e9tabli.<\/p>\t\t\t\t\t\t\t\t<\/div>\n\t\t\t\t\t<\/div>\n\t\t\t\t<\/div>\n\t\t\t\t<\/div>","protected":false},"excerpt":{"rendered":"<p>https:\/\/www.youtube.com\/watch?v=-z6ruZ3OlOk FACIAL SKINCARE By MATIS\u00a0 CAVIAR EXPERIENCE 90 min 130 \u20ac The great global beauty facial with precious active ingredients. The exceptional regenerating treatment with french caviar for unprecedented anti-aging &hellip; <\/p>","protected":false},"author":1,"featured_media":84,"parent":0,"menu_order":0,"comment_status":"closed","ping_status":"closed","template":"elementor_header_footer","meta":{"footnotes":""},"class_list":["post-887","page","type-page","status-publish","has-post-thumbnail","hentry"],"yoast_head":"<!-- This site is optimized with the Yoast SEO plugin v27.3 - https:\/\/yoast.com\/product\/yoast-seo-wordpress\/ -->\n<title>Face - Croisette Beauty Concept<\/title>\n<meta name=\"description\" content=\"The great global beauty facial with precious active ingredients. The exceptional regenerating treatment with french caviar for ...\" \/>\n<meta name=\"robots\" content=\"index, follow, max-snippet:-1, max-image-preview:large, max-video-preview:-1\" \/>\n<link rel=\"canonical\" href=\"https:\/\/croisettebeautyconcept.com\/fr\/face\/\" \/>\n<meta property=\"og:locale\" content=\"fr_FR\" \/>\n<meta property=\"og:type\" content=\"article\" \/>\n<meta property=\"og:title\" content=\"Face - Croisette Beauty Concept\" \/>\n<meta property=\"og:description\" content=\"The great global beauty facial with precious active ingredients. The exceptional regenerating treatment with french caviar for ...\" \/>\n<meta property=\"og:url\" content=\"https:\/\/croisettebeautyconcept.com\/fr\/face\/\" \/>\n<meta property=\"og:site_name\" content=\"Croisette Beauty Concept\" \/>\n<meta property=\"article:publisher\" content=\"https:\/\/www.facebook.com\/CroisetteBeautyConcept\/\" \/>\n<meta property=\"article:modified_time\" content=\"2024-04-18T09:18:07+00:00\" \/>\n<meta property=\"og:image\" content=\"https:\/\/croisettebeautyconcept.com\/wp-content\/uploads\/2023\/09\/5.webp\" \/>\n\t<meta property=\"og:image:width\" content=\"825\" \/>\n\t<meta property=\"og:image:height\" content=\"738\" \/>\n\t<meta property=\"og:image:type\" content=\"image\/webp\" \/>\n<meta name=\"twitter:card\" content=\"summary_large_image\" \/>\n<meta name=\"twitter:label1\" content=\"Dur\u00e9e de lecture estim\u00e9e\" \/>\n\t<meta name=\"twitter:data1\" content=\"2 minutes\" \/>\n<script type=\"application\/ld+json\" class=\"yoast-schema-graph\">{\"@context\":\"https:\\\/\\\/schema.org\",\"@graph\":[{\"@type\":\"WebPage\",\"@id\":\"https:\\\/\\\/croisettebeautyconcept.com\\\/face\\\/\",\"url\":\"https:\\\/\\\/croisettebeautyconcept.com\\\/face\\\/\",\"name\":\"Face - Croisette Beauty Concept\",\"isPartOf\":{\"@id\":\"https:\\\/\\\/croisettebeautyconcept.com\\\/#website\"},\"primaryImageOfPage\":{\"@id\":\"https:\\\/\\\/croisettebeautyconcept.com\\\/face\\\/#primaryimage\"},\"image\":{\"@id\":\"https:\\\/\\\/croisettebeautyconcept.com\\\/face\\\/#primaryimage\"},\"thumbnailUrl\":\"https:\\\/\\\/croisettebeautyconcept.com\\\/wp-content\\\/uploads\\\/2023\\\/09\\\/5.webp\",\"datePublished\":\"2024-04-18T09:12:25+00:00\",\"dateModified\":\"2024-04-18T09:18:07+00:00\",\"description\":\"The great global beauty facial with precious active ingredients. The exceptional regenerating treatment with french caviar for ...\",\"breadcrumb\":{\"@id\":\"https:\\\/\\\/croisettebeautyconcept.com\\\/face\\\/#breadcrumb\"},\"inLanguage\":\"fr-FR\",\"potentialAction\":[{\"@type\":\"ReadAction\",\"target\":[\"https:\\\/\\\/croisettebeautyconcept.com\\\/face\\\/\"]}]},{\"@type\":\"ImageObject\",\"inLanguage\":\"fr-FR\",\"@id\":\"https:\\\/\\\/croisettebeautyconcept.com\\\/face\\\/#primaryimage\",\"url\":\"https:\\\/\\\/croisettebeautyconcept.com\\\/wp-content\\\/uploads\\\/2023\\\/09\\\/5.webp\",\"contentUrl\":\"https:\\\/\\\/croisettebeautyconcept.com\\\/wp-content\\\/uploads\\\/2023\\\/09\\\/5.webp\",\"width\":825,\"height\":738},{\"@type\":\"BreadcrumbList\",\"@id\":\"https:\\\/\\\/croisettebeautyconcept.com\\\/face\\\/#breadcrumb\",\"itemListElement\":[{\"@type\":\"ListItem\",\"position\":1,\"name\":\"Home\",\"item\":\"https:\\\/\\\/croisettebeautyconcept.com\\\/\"},{\"@type\":\"ListItem\",\"position\":2,\"name\":\"Face\"}]},{\"@type\":\"WebSite\",\"@id\":\"https:\\\/\\\/croisettebeautyconcept.com\\\/#website\",\"url\":\"https:\\\/\\\/croisettebeautyconcept.com\\\/\",\"name\":\"Croisette Beauty Concept\",\"description\":\"\",\"publisher\":{\"@id\":\"https:\\\/\\\/croisettebeautyconcept.com\\\/#organization\"},\"potentialAction\":[{\"@type\":\"SearchAction\",\"target\":{\"@type\":\"EntryPoint\",\"urlTemplate\":\"https:\\\/\\\/croisettebeautyconcept.com\\\/?s={search_term_string}\"},\"query-input\":{\"@type\":\"PropertyValueSpecification\",\"valueRequired\":true,\"valueName\":\"search_term_string\"}}],\"inLanguage\":\"fr-FR\"},{\"@type\":\"Organization\",\"@id\":\"https:\\\/\\\/croisettebeautyconcept.com\\\/#organization\",\"name\":\"Croisette Beauty Concept\",\"url\":\"https:\\\/\\\/croisettebeautyconcept.com\\\/\",\"logo\":{\"@type\":\"ImageObject\",\"inLanguage\":\"fr-FR\",\"@id\":\"https:\\\/\\\/croisettebeautyconcept.com\\\/#\\\/schema\\\/logo\\\/image\\\/\",\"url\":\"https:\\\/\\\/croisettebeautyconcept.com\\\/wp-content\\\/uploads\\\/2023\\\/09\\\/logo-80.webp\",\"contentUrl\":\"https:\\\/\\\/croisettebeautyconcept.com\\\/wp-content\\\/uploads\\\/2023\\\/09\\\/logo-80.webp\",\"width\":300,\"height\":85,\"caption\":\"Croisette Beauty Concept\"},\"image\":{\"@id\":\"https:\\\/\\\/croisettebeautyconcept.com\\\/#\\\/schema\\\/logo\\\/image\\\/\"},\"sameAs\":[\"https:\\\/\\\/www.facebook.com\\\/CroisetteBeautyConcept\\\/\"]}]}<\/script>\n<!-- \/ Yoast SEO plugin. -->","yoast_head_json":{"title":"Face - Croisette Beauty Concept","description":"The great global beauty facial with precious active ingredients. The exceptional regenerating treatment with french caviar for ...","robots":{"index":"index","follow":"follow","max-snippet":"max-snippet:-1","max-image-preview":"max-image-preview:large","max-video-preview":"max-video-preview:-1"},"canonical":"https:\/\/croisettebeautyconcept.com\/fr\/face\/","og_locale":"fr_FR","og_type":"article","og_title":"Face - Croisette Beauty Concept","og_description":"The great global beauty facial with precious active ingredients. The exceptional regenerating treatment with french caviar for ...","og_url":"https:\/\/croisettebeautyconcept.com\/fr\/face\/","og_site_name":"Croisette Beauty Concept","article_publisher":"https:\/\/www.facebook.com\/CroisetteBeautyConcept\/","article_modified_time":"2024-04-18T09:18:07+00:00","og_image":[{"width":825,"height":738,"url":"https:\/\/croisettebeautyconcept.com\/wp-content\/uploads\/2023\/09\/5.webp","type":"image\/webp"}],"twitter_card":"summary_large_image","twitter_misc":{"Dur\u00e9e de lecture estim\u00e9e":"2 minutes"},"schema":{"@context":"https:\/\/schema.org","@graph":[{"@type":"WebPage","@id":"https:\/\/croisettebeautyconcept.com\/face\/","url":"https:\/\/croisettebeautyconcept.com\/face\/","name":"Face - Croisette Beauty Concept","isPartOf":{"@id":"https:\/\/croisettebeautyconcept.com\/#website"},"primaryImageOfPage":{"@id":"https:\/\/croisettebeautyconcept.com\/face\/#primaryimage"},"image":{"@id":"https:\/\/croisettebeautyconcept.com\/face\/#primaryimage"},"thumbnailUrl":"https:\/\/croisettebeautyconcept.com\/wp-content\/uploads\/2023\/09\/5.webp","datePublished":"2024-04-18T09:12:25+00:00","dateModified":"2024-04-18T09:18:07+00:00","description":"The great global beauty facial with precious active ingredients. The exceptional regenerating treatment with french caviar for ...","breadcrumb":{"@id":"https:\/\/croisettebeautyconcept.com\/face\/#breadcrumb"},"inLanguage":"fr-FR","potentialAction":[{"@type":"ReadAction","target":["https:\/\/croisettebeautyconcept.com\/face\/"]}]},{"@type":"ImageObject","inLanguage":"fr-FR","@id":"https:\/\/croisettebeautyconcept.com\/face\/#primaryimage","url":"https:\/\/croisettebeautyconcept.com\/wp-content\/uploads\/2023\/09\/5.webp","contentUrl":"https:\/\/croisettebeautyconcept.com\/wp-content\/uploads\/2023\/09\/5.webp","width":825,"height":738},{"@type":"BreadcrumbList","@id":"https:\/\/croisettebeautyconcept.com\/face\/#breadcrumb","itemListElement":[{"@type":"ListItem","position":1,"name":"Home","item":"https:\/\/croisettebeautyconcept.com\/"},{"@type":"ListItem","position":2,"name":"Face"}]},{"@type":"WebSite","@id":"https:\/\/croisettebeautyconcept.com\/#website","url":"https:\/\/croisettebeautyconcept.com\/","name":"Croisette Beauty Concept","description":"","publisher":{"@id":"https:\/\/croisettebeautyconcept.com\/#organization"},"potentialAction":[{"@type":"SearchAction","target":{"@type":"EntryPoint","urlTemplate":"https:\/\/croisettebeautyconcept.com\/?s={search_term_string}"},"query-input":{"@type":"PropertyValueSpecification","valueRequired":true,"valueName":"search_term_string"}}],"inLanguage":"fr-FR"},{"@type":"Organization","@id":"https:\/\/croisettebeautyconcept.com\/#organization","name":"Croisette Beauty Concept","url":"https:\/\/croisettebeautyconcept.com\/","logo":{"@type":"ImageObject","inLanguage":"fr-FR","@id":"https:\/\/croisettebeautyconcept.com\/#\/schema\/logo\/image\/","url":"https:\/\/croisettebeautyconcept.com\/wp-content\/uploads\/2023\/09\/logo-80.webp","contentUrl":"https:\/\/croisettebeautyconcept.com\/wp-content\/uploads\/2023\/09\/logo-80.webp","width":300,"height":85,"caption":"Croisette Beauty Concept"},"image":{"@id":"https:\/\/croisettebeautyconcept.com\/#\/schema\/logo\/image\/"},"sameAs":["https:\/\/www.facebook.com\/CroisetteBeautyConcept\/"]}]}},"_links":{"self":[{"href":"https:\/\/croisettebeautyconcept.com\/fr\/wp-json\/wp\/v2\/pages\/887","targetHints":{"allow":["GET"]}}],"collection":[{"href":"https:\/\/croisettebeautyconcept.com\/fr\/wp-json\/wp\/v2\/pages"}],"about":[{"href":"https:\/\/croisettebeautyconcept.com\/fr\/wp-json\/wp\/v2\/types\/page"}],"author":[{"embeddable":true,"href":"https:\/\/croisettebeautyconcept.com\/fr\/wp-json\/wp\/v2\/users\/1"}],"replies":[{"embeddable":true,"href":"https:\/\/croisettebeautyconcept.com\/fr\/wp-json\/wp\/v2\/comments?post=887"}],"version-history":[{"count":0,"href":"https:\/\/croisettebeautyconcept.com\/fr\/wp-json\/wp\/v2\/pages\/887\/revisions"}],"wp:featuredmedia":[{"embeddable":true,"href":"https:\/\/croisettebeautyconcept.com\/fr\/wp-json\/wp\/v2\/media\/84"}],"wp:attachment":[{"href":"https:\/\/croisettebeautyconcept.com\/fr\/wp-json\/wp\/v2\/media?parent=887"}],"curies":[{"name":"wp","href":"https:\/\/api.w.org\/{rel}","templated":true}]}}