{"id":899,"date":"2024-04-18T09:14:37","date_gmt":"2024-04-18T09:14:37","guid":{"rendered":"https:\/\/croisettebeautyconcept.com\/?page_id=899"},"modified":"2024-04-18T09:15:27","modified_gmt":"2024-04-18T09:15:27","slug":"nails","status":"publish","type":"page","link":"https:\/\/croisettebeautyconcept.com\/fr\/nails\/","title":{"rendered":"Ongles"},"content":{"rendered":"<div data-elementor-type=\"wp-page\" data-elementor-id=\"899\" class=\"elementor elementor-899\" data-elementor-post-type=\"page\">\n\t\t\t\t<div class=\"elementor-element elementor-element-6add0082 e-flex e-con-boxed e-con e-parent\" data-id=\"6add0082\" data-element_type=\"container\" data-e-type=\"container\" data-settings=\"{&quot;background_background&quot;:&quot;classic&quot;}\">\n\t\t\t\t\t<div class=\"e-con-inner\">\n\t\t\t\t<div class=\"elementor-element elementor-element-3c2020be elementor-widget__width-initial elementor-widget elementor-widget-text-editor\" data-id=\"3c2020be\" data-element_type=\"widget\" data-e-type=\"widget\" data-widget_type=\"text-editor.default\">\n\t\t\t\t\t\t\t\t\t<p><strong>ONGLES<\/strong><\/p><p><strong>MANUCURE FEMME<\/strong>\u00a0 \u00e0 partir de 45 \u20ac<\/p><p>Dur\u00e9e: 1h00<\/p><p>Une manucure est un soin de beaut\u00e9 cosm\u00e9tique pour les ongles et les mains. Une manucure consiste \u00e0 limer et \u00e0 fa\u00e7onner le bord libre des ongles, en poussant et en coupant les cuticules autour de l'ongl, le traitement avec divers produits et massage de la main.<\/p><hr \/><p><strong>MANUCURE HOMME<\/strong> 50 \u20ac<\/p><p>Dur\u00e9e: 1h00<\/p><p>Traitement embellissement des mains et ongles.<\/p><hr \/><p><strong>MANUCURE EXPRESS<\/strong>\u00a0 30 \u20ac<\/p><p>Dur\u00e9e: 40 min<\/p><hr \/><p><strong>MASQUE DE SOIN DES MAINS<\/strong>\u00a0 10 \u20ac<\/p><p>Dur\u00e9e: 10 min<\/p><p>Masques pour soigner en profondeur les mains, les ongles et les cuticules. - Nourrit intens\u00e9ment la peau, les ongles et les cuticules - R\u00e9parer et soulager les mains s\u00e8ches.<\/p><hr \/><p><strong>VERNIS \u00c0 ONGLES<\/strong> 15 \u20ac<\/p><p>Dur\u00e9e: 20 min<\/p><p>Le vernis \u00e0 ongles est un produit cosm\u00e9tique destin\u00e9 \u00e0 embellir, \u00e0 prot\u00e9ger l'ongle ou \u00e0 en masquer certains d\u00e9fauts.<\/p><hr \/><p><strong>POSE DE VERNIS FRENCH<\/strong> 25 \u20ac<\/p><p>Dur\u00e9e: 30 min<\/p><p>La manucure fran\u00e7aise consiste \u00e0 appliquer un trait de vernis blanc opaque sur le bord de l'ongle afin de le faire paraitre plus long.<\/p><hr \/><p><strong>POSE DE SEMI PERMANENT<\/strong> 30 \u20ac<\/p><p>Dur\u00e9e: 30 min<\/p><p>Le vernis semi-permanent,qu'on va catalyser (secher) \u00e0 l'aide d'une machine \u00e0 UV,  permettant d\u2019avoir des ongles vernis durant environ 2 semaines et demie.<\/p><hr \/><p><strong>POSE DE SEMI-PERMANENT FRENCH<\/strong> 40 \u20ac<\/p><p>Dur\u00e9e: 45 min<\/p><hr \/><p><strong>DEPOSE DE SEMI PERMANENT<\/strong> 10 \u20ac<\/p><p>Dur\u00e9e: 25 min<\/p><p>Enlever le vernis s\u00e9mi-permanent a l'aide d'une machine, ou un produit specifique diluant.<\/p><hr \/><p><strong>DEPOSE GEL<\/strong> 20 \u20ac<\/p><p>Dur\u00e9e: 30 min - 1h00<\/p><p>Enlever le gel des ongles \u00e0 l'aide d'une machine electrique.<\/p><hr \/><p><strong>R\u00c9PARATION UN ONGLE<\/strong> 10 \u20ac &#8211; 20 \u20ac<\/p><p>Dur\u00e9e: 10 min \u2013 30 min<\/p><p>R\u00e9parer un ongle cass\u00e9 \u00e0 l'aide d'un pansement en fibre de soie, ou reconstruire un ongle a l'aide du gel.<\/p><hr \/><p><strong>PEDICURE FEMME<\/strong> de 55 \u20ac \u00e0 70 \u20ac<\/p><p>Dur\u00e9e : 1h30<\/p><p>La p\u00e9dicure est un soin sp\u00e9cial pour les pieds. Elle permet de traiter les maladies de l\u2019\u00e9piderme et des ongles, d\u2019apporter des corrections ou de prot\u00e9ger les pieds.<\/p><hr \/><p><strong>PEDICURE  HOMME<\/strong> de 55 \u20ac \u00e0 70 \u20ac<\/p><p>Dur\u00e9e : 1h30<\/p><p>Soin esth\u00e9tique embelissant des pieds et des ongles.<\/p><hr \/><p><strong>PEDICURE EXPRESS<\/strong> 40 \u20ac<\/p><p>Dur\u00e9e: 45 min<\/p><hr \/><p><strong>MASQUE POUR LES PIEDS<\/strong>\u00a0 10 \u20ac<\/p><p>Dur\u00e9e: 15 min<\/p><p>Le soin express, facile et fun ! Tes pieds sont hydrat\u00e9s et r\u00e9par\u00e9s.<\/p><hr \/><p><strong>GOMMAGE<\/strong> 15 \u20ac<\/p><p>Dur\u00e9e: 10 min<\/p><p>Sert \u00e0 \u00e9liminer les cellules mortes a la surface de la peau pour un resultat plus lisse, l'absorption des cr\u00e8mes hydratantes et le renouvellement cellulaire sont favoris\u00e9s.<\/p><hr \/><p><strong>REMPLISSAGE GEL<\/strong> \u00e0 partir de 70 \u20ac<\/p><p>Dur\u00e9e:  2h00 - 2h30<\/p><p>Le remplissage des ongles en gel se fait g\u00e9n\u00e9ralement environ 3-4 semaines apr\u00e8s la premi\u00e8re manucure pour \u00e9viter que le \u00abpoint de stress\u00bb soit excessivement prolong\u00e9 vers la pointe de l\u2019ongle provoquant une lib\u00e9ration.<\/p><hr \/><p><strong>RECONSTRUCTION DES ONGLES EN GEL<\/strong> \u00e0 partir de 80 \u20ac<\/p><p>Dur\u00e9e: 2h30<\/p><p>They are placed on natural nails either for aesthetic purposes or to camouflage an imperfection of the natural nail or to lengthen it, using the dehydrator, primers, building gels, finishing gels, UV lamp, limes and tips or chablon.\nEntretenir et prolonger une extension complete d'une pose de gel.<\/p><hr \/><p><strong>RECONSTRUCTION DES ONGLES EN GEL COMPLET<\/strong> \u00e0 partir de 90 \u20ac<\/p><p>Dur\u00e9e: 2h30<\/p><p>Maintain and extend a complete extension of a gel installation.<\/p><hr \/><p><strong>RETRAIT VERNIS<\/strong> 5 \u20ac<\/p><p>Dur\u00e9e: 5 min<\/p><p>Enlever le vernis a 'l'aide d'un disolvant doux, sans acetonne pour ne pas abimer l'ongle.<\/p>\t\t\t\t\t\t\t\t<\/div>\n\t\t\t\t\t<\/div>\n\t\t\t\t<\/div>\n\t\t\t\t<\/div>","protected":false},"excerpt":{"rendered":"<p>NAILS MANICURE\u00a0 from 45 \u20ac Time: 1h00 A manicure is a mostly cosmetic beauty treatment for the fingernails and hands. A manicure consists of filing and shaping the free edge &hellip; <\/p>","protected":false},"author":1,"featured_media":46,"parent":0,"menu_order":0,"comment_status":"closed","ping_status":"closed","template":"elementor_header_footer","meta":{"footnotes":""},"class_list":["post-899","page","type-page","status-publish","has-post-thumbnail","hentry"],"yoast_head":"<!-- This site is optimized with the Yoast SEO plugin v27.4 - https:\/\/yoast.com\/product\/yoast-seo-wordpress\/ -->\n<title>Nails - Croisette Beauty Concept<\/title>\n<meta name=\"description\" content=\"A manicure is a mostly cosmetic beauty treatment for the fingernails and hands. A manicure consists of filing and shaping the free ...\" \/>\n<meta name=\"robots\" content=\"index, follow, max-snippet:-1, max-image-preview:large, max-video-preview:-1\" \/>\n<link rel=\"canonical\" href=\"https:\/\/croisettebeautyconcept.com\/fr\/nails\/\" \/>\n<meta property=\"og:locale\" content=\"fr_FR\" \/>\n<meta property=\"og:type\" content=\"article\" \/>\n<meta property=\"og:title\" content=\"Nails - Croisette Beauty Concept\" \/>\n<meta property=\"og:description\" content=\"A manicure is a mostly cosmetic beauty treatment for the fingernails and hands. A manicure consists of filing and shaping the free ...\" \/>\n<meta property=\"og:url\" content=\"https:\/\/croisettebeautyconcept.com\/fr\/nails\/\" \/>\n<meta property=\"og:site_name\" content=\"Croisette Beauty Concept\" \/>\n<meta property=\"article:publisher\" content=\"https:\/\/www.facebook.com\/CroisetteBeautyConcept\/\" \/>\n<meta property=\"article:modified_time\" content=\"2024-04-18T09:15:27+00:00\" \/>\n<meta property=\"og:image\" content=\"https:\/\/croisettebeautyconcept.com\/wp-content\/uploads\/2023\/09\/soins-peau-beaute-pieds-feminins-fleur-camomille_186202-728.webp\" \/>\n\t<meta property=\"og:image:width\" content=\"626\" \/>\n\t<meta property=\"og:image:height\" content=\"416\" \/>\n\t<meta property=\"og:image:type\" content=\"image\/webp\" \/>\n<meta name=\"twitter:card\" content=\"summary_large_image\" \/>\n<meta name=\"twitter:label1\" content=\"Dur\u00e9e de lecture estim\u00e9e\" \/>\n\t<meta name=\"twitter:data1\" content=\"3 minutes\" \/>\n<script type=\"application\/ld+json\" class=\"yoast-schema-graph\">{\"@context\":\"https:\\\/\\\/schema.org\",\"@graph\":[{\"@type\":\"WebPage\",\"@id\":\"https:\\\/\\\/croisettebeautyconcept.com\\\/nails\\\/\",\"url\":\"https:\\\/\\\/croisettebeautyconcept.com\\\/nails\\\/\",\"name\":\"Nails - Croisette Beauty Concept\",\"isPartOf\":{\"@id\":\"https:\\\/\\\/croisettebeautyconcept.com\\\/#website\"},\"primaryImageOfPage\":{\"@id\":\"https:\\\/\\\/croisettebeautyconcept.com\\\/nails\\\/#primaryimage\"},\"image\":{\"@id\":\"https:\\\/\\\/croisettebeautyconcept.com\\\/nails\\\/#primaryimage\"},\"thumbnailUrl\":\"https:\\\/\\\/croisettebeautyconcept.com\\\/wp-content\\\/uploads\\\/2023\\\/09\\\/soins-peau-beaute-pieds-feminins-fleur-camomille_186202-728.webp\",\"datePublished\":\"2024-04-18T09:14:37+00:00\",\"dateModified\":\"2024-04-18T09:15:27+00:00\",\"description\":\"A manicure is a mostly cosmetic beauty treatment for the fingernails and hands. A manicure consists of filing and shaping the free ...\",\"breadcrumb\":{\"@id\":\"https:\\\/\\\/croisettebeautyconcept.com\\\/nails\\\/#breadcrumb\"},\"inLanguage\":\"fr-FR\",\"potentialAction\":[{\"@type\":\"ReadAction\",\"target\":[\"https:\\\/\\\/croisettebeautyconcept.com\\\/nails\\\/\"]}]},{\"@type\":\"ImageObject\",\"inLanguage\":\"fr-FR\",\"@id\":\"https:\\\/\\\/croisettebeautyconcept.com\\\/nails\\\/#primaryimage\",\"url\":\"https:\\\/\\\/croisettebeautyconcept.com\\\/wp-content\\\/uploads\\\/2023\\\/09\\\/soins-peau-beaute-pieds-feminins-fleur-camomille_186202-728.webp\",\"contentUrl\":\"https:\\\/\\\/croisettebeautyconcept.com\\\/wp-content\\\/uploads\\\/2023\\\/09\\\/soins-peau-beaute-pieds-feminins-fleur-camomille_186202-728.webp\",\"width\":626,\"height\":416},{\"@type\":\"BreadcrumbList\",\"@id\":\"https:\\\/\\\/croisettebeautyconcept.com\\\/nails\\\/#breadcrumb\",\"itemListElement\":[{\"@type\":\"ListItem\",\"position\":1,\"name\":\"Home\",\"item\":\"https:\\\/\\\/croisettebeautyconcept.com\\\/\"},{\"@type\":\"ListItem\",\"position\":2,\"name\":\"Nails\"}]},{\"@type\":\"WebSite\",\"@id\":\"https:\\\/\\\/croisettebeautyconcept.com\\\/#website\",\"url\":\"https:\\\/\\\/croisettebeautyconcept.com\\\/\",\"name\":\"Croisette Beauty Concept\",\"description\":\"\",\"publisher\":{\"@id\":\"https:\\\/\\\/croisettebeautyconcept.com\\\/#organization\"},\"potentialAction\":[{\"@type\":\"SearchAction\",\"target\":{\"@type\":\"EntryPoint\",\"urlTemplate\":\"https:\\\/\\\/croisettebeautyconcept.com\\\/?s={search_term_string}\"},\"query-input\":{\"@type\":\"PropertyValueSpecification\",\"valueRequired\":true,\"valueName\":\"search_term_string\"}}],\"inLanguage\":\"fr-FR\"},{\"@type\":\"Organization\",\"@id\":\"https:\\\/\\\/croisettebeautyconcept.com\\\/#organization\",\"name\":\"Croisette Beauty Concept\",\"url\":\"https:\\\/\\\/croisettebeautyconcept.com\\\/\",\"logo\":{\"@type\":\"ImageObject\",\"inLanguage\":\"fr-FR\",\"@id\":\"https:\\\/\\\/croisettebeautyconcept.com\\\/#\\\/schema\\\/logo\\\/image\\\/\",\"url\":\"https:\\\/\\\/croisettebeautyconcept.com\\\/wp-content\\\/uploads\\\/2023\\\/09\\\/logo-80.webp\",\"contentUrl\":\"https:\\\/\\\/croisettebeautyconcept.com\\\/wp-content\\\/uploads\\\/2023\\\/09\\\/logo-80.webp\",\"width\":300,\"height\":85,\"caption\":\"Croisette Beauty Concept\"},\"image\":{\"@id\":\"https:\\\/\\\/croisettebeautyconcept.com\\\/#\\\/schema\\\/logo\\\/image\\\/\"},\"sameAs\":[\"https:\\\/\\\/www.facebook.com\\\/CroisetteBeautyConcept\\\/\"]}]}<\/script>\n<!-- \/ Yoast SEO plugin. -->","yoast_head_json":{"title":"Nails - Croisette Beauty Concept","description":"A manicure is a mostly cosmetic beauty treatment for the fingernails and hands. A manicure consists of filing and shaping the free ...","robots":{"index":"index","follow":"follow","max-snippet":"max-snippet:-1","max-image-preview":"max-image-preview:large","max-video-preview":"max-video-preview:-1"},"canonical":"https:\/\/croisettebeautyconcept.com\/fr\/nails\/","og_locale":"fr_FR","og_type":"article","og_title":"Nails - Croisette Beauty Concept","og_description":"A manicure is a mostly cosmetic beauty treatment for the fingernails and hands. A manicure consists of filing and shaping the free ...","og_url":"https:\/\/croisettebeautyconcept.com\/fr\/nails\/","og_site_name":"Croisette Beauty Concept","article_publisher":"https:\/\/www.facebook.com\/CroisetteBeautyConcept\/","article_modified_time":"2024-04-18T09:15:27+00:00","og_image":[{"width":626,"height":416,"url":"https:\/\/croisettebeautyconcept.com\/wp-content\/uploads\/2023\/09\/soins-peau-beaute-pieds-feminins-fleur-camomille_186202-728.webp","type":"image\/webp"}],"twitter_card":"summary_large_image","twitter_misc":{"Dur\u00e9e de lecture estim\u00e9e":"3 minutes"},"schema":{"@context":"https:\/\/schema.org","@graph":[{"@type":"WebPage","@id":"https:\/\/croisettebeautyconcept.com\/nails\/","url":"https:\/\/croisettebeautyconcept.com\/nails\/","name":"Nails - Croisette Beauty Concept","isPartOf":{"@id":"https:\/\/croisettebeautyconcept.com\/#website"},"primaryImageOfPage":{"@id":"https:\/\/croisettebeautyconcept.com\/nails\/#primaryimage"},"image":{"@id":"https:\/\/croisettebeautyconcept.com\/nails\/#primaryimage"},"thumbnailUrl":"https:\/\/croisettebeautyconcept.com\/wp-content\/uploads\/2023\/09\/soins-peau-beaute-pieds-feminins-fleur-camomille_186202-728.webp","datePublished":"2024-04-18T09:14:37+00:00","dateModified":"2024-04-18T09:15:27+00:00","description":"A manicure is a mostly cosmetic beauty treatment for the fingernails and hands. A manicure consists of filing and shaping the free ...","breadcrumb":{"@id":"https:\/\/croisettebeautyconcept.com\/nails\/#breadcrumb"},"inLanguage":"fr-FR","potentialAction":[{"@type":"ReadAction","target":["https:\/\/croisettebeautyconcept.com\/nails\/"]}]},{"@type":"ImageObject","inLanguage":"fr-FR","@id":"https:\/\/croisettebeautyconcept.com\/nails\/#primaryimage","url":"https:\/\/croisettebeautyconcept.com\/wp-content\/uploads\/2023\/09\/soins-peau-beaute-pieds-feminins-fleur-camomille_186202-728.webp","contentUrl":"https:\/\/croisettebeautyconcept.com\/wp-content\/uploads\/2023\/09\/soins-peau-beaute-pieds-feminins-fleur-camomille_186202-728.webp","width":626,"height":416},{"@type":"BreadcrumbList","@id":"https:\/\/croisettebeautyconcept.com\/nails\/#breadcrumb","itemListElement":[{"@type":"ListItem","position":1,"name":"Home","item":"https:\/\/croisettebeautyconcept.com\/"},{"@type":"ListItem","position":2,"name":"Nails"}]},{"@type":"WebSite","@id":"https:\/\/croisettebeautyconcept.com\/#website","url":"https:\/\/croisettebeautyconcept.com\/","name":"Croisette Beauty Concept","description":"","publisher":{"@id":"https:\/\/croisettebeautyconcept.com\/#organization"},"potentialAction":[{"@type":"SearchAction","target":{"@type":"EntryPoint","urlTemplate":"https:\/\/croisettebeautyconcept.com\/?s={search_term_string}"},"query-input":{"@type":"PropertyValueSpecification","valueRequired":true,"valueName":"search_term_string"}}],"inLanguage":"fr-FR"},{"@type":"Organization","@id":"https:\/\/croisettebeautyconcept.com\/#organization","name":"Croisette Beauty Concept","url":"https:\/\/croisettebeautyconcept.com\/","logo":{"@type":"ImageObject","inLanguage":"fr-FR","@id":"https:\/\/croisettebeautyconcept.com\/#\/schema\/logo\/image\/","url":"https:\/\/croisettebeautyconcept.com\/wp-content\/uploads\/2023\/09\/logo-80.webp","contentUrl":"https:\/\/croisettebeautyconcept.com\/wp-content\/uploads\/2023\/09\/logo-80.webp","width":300,"height":85,"caption":"Croisette Beauty Concept"},"image":{"@id":"https:\/\/croisettebeautyconcept.com\/#\/schema\/logo\/image\/"},"sameAs":["https:\/\/www.facebook.com\/CroisetteBeautyConcept\/"]}]}},"_links":{"self":[{"href":"https:\/\/croisettebeautyconcept.com\/fr\/wp-json\/wp\/v2\/pages\/899","targetHints":{"allow":["GET"]}}],"collection":[{"href":"https:\/\/croisettebeautyconcept.com\/fr\/wp-json\/wp\/v2\/pages"}],"about":[{"href":"https:\/\/croisettebeautyconcept.com\/fr\/wp-json\/wp\/v2\/types\/page"}],"author":[{"embeddable":true,"href":"https:\/\/croisettebeautyconcept.com\/fr\/wp-json\/wp\/v2\/users\/1"}],"replies":[{"embeddable":true,"href":"https:\/\/croisettebeautyconcept.com\/fr\/wp-json\/wp\/v2\/comments?post=899"}],"version-history":[{"count":0,"href":"https:\/\/croisettebeautyconcept.com\/fr\/wp-json\/wp\/v2\/pages\/899\/revisions"}],"wp:featuredmedia":[{"embeddable":true,"href":"https:\/\/croisettebeautyconcept.com\/fr\/wp-json\/wp\/v2\/media\/46"}],"wp:attachment":[{"href":"https:\/\/croisettebeautyconcept.com\/fr\/wp-json\/wp\/v2\/media?parent=899"}],"curies":[{"name":"wp","href":"https:\/\/api.w.org\/{rel}","templated":true}]}}